{"id":6536,"date":"2024-08-14T13:51:25","date_gmt":"2024-08-14T13:51:25","guid":{"rendered":"https:\/\/dentinox.com.tr\/2024\/?page_id=6536"},"modified":"2025-10-12T17:19:38","modified_gmt":"2025-10-12T17:19:38","slug":"about-us","status":"publish","type":"page","link":"https:\/\/atlasuniversityhospital.com\/fr\/about-us\/","title":{"rendered":"\u00c0 propos de nous"},"content":{"rendered":"[vc_row type=&#8221;in_container&#8221; full_screen_row_position=&#8221;middle&#8221; column_margin=&#8221;default&#8221; column_direction=&#8221;default&#8221; column_direction_tablet=&#8221;default&#8221; column_direction_phone=&#8221;column_reverse&#8221; scene_position=&#8221;center&#8221; top_padding=&#8221;50&#8243; text_color=&#8221;light&#8221; text_align=&#8221;left&#8221; row_border_radius=&#8221;none&#8221; row_border_radius_applies=&#8221;bg&#8221; overflow=&#8221;visible&#8221; overlay_strength=&#8221;0.3&#8243; gradient_direction=&#8221;left_to_right&#8221; shape_divider_position=&#8221;bottom&#8221; bg_image_animation=&#8221;none&#8221; exclude_row_header_color_inherit=&#8221;true&#8221; gradient_type=&#8221;default&#8221; shape_type=&#8221;&#8221;][vc_column column_padding=&#8221;no-extra-padding&#8221; column_padding_tablet=&#8221;inherit&#8221; column_padding_phone=&#8221;inherit&#8221; column_padding_position=&#8221;all&#8221; column_element_direction_desktop=&#8221;default&#8221; column_element_spacing=&#8221;default&#8221; desktop_text_alignment=&#8221;default&#8221; tablet_text_alignment=&#8221;default&#8221; phone_text_alignment=&#8221;default&#8221; background_color_opacity=&#8221;1&#8243; background_hover_color_opacity=&#8221;1&#8243; column_backdrop_filter=&#8221;none&#8221; font_color=&#8221;#000000&#8243; column_shadow=&#8221;none&#8221; column_border_radius=&#8221;none&#8221; column_link_target=&#8221;_self&#8221; column_position=&#8221;default&#8221; gradient_direction=&#8221;left_to_right&#8221; overlay_strength=&#8221;0.3&#8243; width=&#8221;1\/2&#8243; tablet_width_inherit=&#8221;default&#8221; animation_type=&#8221;default&#8221; bg_image_animation=&#8221;none&#8221; border_type=&#8221;simple&#8221; column_border_width=&#8221;none&#8221; column_border_style=&#8221;solid&#8221; column_padding_type=&#8221;default&#8221; gradient_type=&#8221;default&#8221;][vc_column_text css=&#8221;&#8221; text_direction=&#8221;default&#8221;]\n<div class=\"elementor-element elementor-element-17376c0 elementor-widget elementor-widget-heading\" data-id=\"17376c0\" data-element_type=\"widget\" data-widget_type=\"heading.default\">\n<div class=\"elementor-widget-container\">\n<p>L&#8217;h\u00f4pital universitaire Atlas fournit des services de sant\u00e9 de qualit\u00e9 depuis 1998, gagnant la confiance de ses patients gr\u00e2ce \u00e0 des processus de diagnostic et de traitement efficaces, qui ont permis \u00e0 de nombreux patients de se r\u00e9tablir. En tant qu&#8217;\u00e9tablissement de sant\u00e9 r\u00e9put\u00e9, il continue \u00e0 maintenir ses services. L&#8217;h\u00f4pital est \u00e9quip\u00e9 de technologies et d&#8217;appareils techniques de pointe, et couvre une superficie de 75 000 m\u00b2.<\/p>\n<p>Avec une capacit\u00e9 de 400 lits, dont une salle d&#8217;op\u00e9ration hybride et 19 salles d&#8217;op\u00e9ration, l&#8217;h\u00f4pital accueille plus de 400 000 patients en consultation externe et r\u00e9alise plus de 30 000 interventions chirurgicales par an, ce qui en fait l&#8217;un des \u00e9tablissements leaders et pionniers du syst\u00e8me de sant\u00e9. En outre, il dispose d&#8217;une salle de conf\u00e9rence pouvant accueillir 250 personnes et de trois salles de classe, o\u00f9 il joue depuis des ann\u00e9es un r\u00f4le important dans la formation pratique en mati\u00e8re de soins de sant\u00e9 de plus de 10 000 \u00e9tudiants, en offrant des possibilit\u00e9s de stages et de formation au niveau secondaire et universitaire.<\/p>\n<p>Fort d&#8217;un personnel acad\u00e9mique et d&#8217;une expertise scientifique solides, notre h\u00f4pital est connu sous le nom d&#8217;\u00ab H\u00f4pital universitaire Atlas \u00bb depuis 2019. Nous restons fid\u00e8les \u00e0 nos principes \u00e9thiques et \u00e0 notre position de principe tout en continuant \u00e0 servir la communaut\u00e9 m\u00e9dicale de notre pays et du monde entier.<\/p>\n<\/div>\n<\/div>\n[\/vc_column_text][\/vc_column][vc_column column_padding=&#8221;no-extra-padding&#8221; column_padding_tablet=&#8221;inherit&#8221; column_padding_phone=&#8221;inherit&#8221; column_padding_position=&#8221;all&#8221; column_element_direction_desktop=&#8221;default&#8221; column_element_spacing=&#8221;default&#8221; desktop_text_alignment=&#8221;default&#8221; tablet_text_alignment=&#8221;default&#8221; phone_text_alignment=&#8221;default&#8221; background_color_opacity=&#8221;1&#8243; background_hover_color_opacity=&#8221;1&#8243; column_backdrop_filter=&#8221;none&#8221; column_shadow=&#8221;none&#8221; column_border_radius=&#8221;custom&#8221; top_left_border_radius=&#8221;20&#8243; top_right_border_radius=&#8221;50&#8243; bottom_right_border_radius=&#8221;20&#8243; bottom_left_border_radius=&#8221;20&#8243; column_link_target=&#8221;_self&#8221; column_position=&#8221;default&#8221; gradient_direction=&#8221;left_to_right&#8221; overlay_strength=&#8221;0.3&#8243; width=&#8221;1\/2&#8243; tablet_width_inherit=&#8221;default&#8221; animation_type=&#8221;default&#8221; bg_image_animation=&#8221;none&#8221; border_type=&#8221;simple&#8221; column_border_width=&#8221;none&#8221; column_border_style=&#8221;solid&#8221; column_padding_type=&#8221;default&#8221; gradient_type=&#8221;default&#8221;][vc_gallery css=&#8221;&#8221; type=&#8221;nectarslider_style&#8221; images=&#8221;7947,7667,7668,7669,7670,7671,7672,7673,7674&#8243; image_loading=&#8221;default&#8221; ns_image_rendering=&#8221;default&#8221; ns_image_aspect_ratio=&#8221;default&#8221; bullet_navigation_style=&#8221;see_through&#8221; onclick=&#8221;link_image&#8221;][\/vc_column][\/vc_row][vc_row type=&#8221;in_container&#8221; full_screen_row_position=&#8221;middle&#8221; column_margin=&#8221;default&#8221; column_direction=&#8221;default&#8221; column_direction_tablet=&#8221;default&#8221; column_direction_phone=&#8221;default&#8221; scene_position=&#8221;center&#8221; text_color=&#8221;dark&#8221; text_align=&#8221;left&#8221; row_border_radius=&#8221;none&#8221; row_border_radius_applies=&#8221;bg&#8221; overflow=&#8221;visible&#8221; overlay_strength=&#8221;0.3&#8243; gradient_direction=&#8221;left_to_right&#8221; shape_divider_position=&#8221;bottom&#8221; bg_image_animation=&#8221;none&#8221;][vc_column column_padding=&#8221;no-extra-padding&#8221; column_padding_tablet=&#8221;inherit&#8221; column_padding_phone=&#8221;inherit&#8221; column_padding_position=&#8221;all&#8221; column_element_direction_desktop=&#8221;default&#8221; column_element_spacing=&#8221;default&#8221; desktop_text_alignment=&#8221;default&#8221; tablet_text_alignment=&#8221;default&#8221; phone_text_alignment=&#8221;default&#8221; background_color_opacity=&#8221;1&#8243; background_hover_color_opacity=&#8221;1&#8243; column_backdrop_filter=&#8221;none&#8221; column_shadow=&#8221;none&#8221; column_border_radius=&#8221;none&#8221; column_link_target=&#8221;_self&#8221; column_position=&#8221;default&#8221; gradient_direction=&#8221;left_to_right&#8221; overlay_strength=&#8221;0.3&#8243; width=&#8221;1\/2&#8243; tablet_width_inherit=&#8221;default&#8221; animation_type=&#8221;default&#8221; bg_image_animation=&#8221;none&#8221; border_type=&#8221;simple&#8221; column_border_width=&#8221;none&#8221; column_border_style=&#8221;solid&#8221;][vc_column_text css=&#8221;&#8221; text_direction=&#8221;default&#8221;]\n<h2>Politique qualit\u00e9<\/h2>\n<ul>\n<li>Garantir le plus haut niveau de satisfaction des patients, de leurs familles et des employ\u00e9s, conform\u00e9ment aux normes de qualit\u00e9 en mati\u00e8re de soins de sant\u00e9.<\/li>\n<li>Prot\u00e9ger les droits des patients et de leurs familles, ind\u00e9pendamment de leur langue, religion, race ou sexe, et les informer et les \u00e9duquer \u00e0 chaque \u00e9tape du traitement.<\/li>\n<li>Viser une \u00e9valuation et une am\u00e9lioration continues avec la participation de tous les employ\u00e9s.<\/li>\n<li>Fournir des services de sant\u00e9 de niveau international \u00e0 nos patients gr\u00e2ce \u00e0 une discipline de gestion et une approche philosophique qui privil\u00e9gient l&#8217;am\u00e9lioration continue et le professionnalisme de notre \u00e9quipe professionnelle.<\/li>\n<li>Former des professionnels de la sant\u00e9 capables de fournir le meilleur service \u00e0 notre pays en tant qu&#8217;h\u00f4pital universitaire.<\/li>\n<li>\u00catre \u00e0 la pointe de la recherche scientifique en utilisant les technologies modernes et travailler sans compromettre les principes scientifiques, \u00e9thiques et moraux.<\/li>\n<li>Soutenir la participation des employ\u00e9s \u00e0 des conf\u00e9rences, s\u00e9minaires et publications internationaux dans le cadre d&#8217;une approche de formation continue.<\/li>\n<\/ul>\n[\/vc_column_text][\/vc_column][vc_column column_padding=&#8221;no-extra-padding&#8221; column_padding_tablet=&#8221;inherit&#8221; column_padding_phone=&#8221;inherit&#8221; column_padding_position=&#8221;all&#8221; column_element_direction_desktop=&#8221;default&#8221; column_element_spacing=&#8221;default&#8221; desktop_text_alignment=&#8221;default&#8221; tablet_text_alignment=&#8221;default&#8221; phone_text_alignment=&#8221;default&#8221; background_color_opacity=&#8221;1&#8243; background_hover_color_opacity=&#8221;1&#8243; column_backdrop_filter=&#8221;none&#8221; column_shadow=&#8221;none&#8221; column_border_radius=&#8221;none&#8221; column_link_target=&#8221;_self&#8221; column_position=&#8221;default&#8221; gradient_direction=&#8221;left_to_right&#8221; overlay_strength=&#8221;0.3&#8243; width=&#8221;1\/2&#8243; tablet_width_inherit=&#8221;default&#8221; animation_type=&#8221;default&#8221; bg_image_animation=&#8221;none&#8221; border_type=&#8221;simple&#8221; column_border_width=&#8221;none&#8221; column_border_style=&#8221;solid&#8221;][vc_column_text css=&#8221;&#8221; text_direction=&#8221;default&#8221;]\n<h2>Notre mission<\/h2>\n<p>Notre mission consiste \u00e0 fournir tous les services de sant\u00e9 dans le respect absolu de l&#8217;\u00e9thique m\u00e9dicale, en utilisant les derni\u00e8res avanc\u00e9es en mati\u00e8re de technologie, de diagnostic et de m\u00e9thodes de traitement. Nous nous effor\u00e7ons d&#8217;\u00eatre respectueux de l&#8217;environnement, de respecter les droits des patients et de donner la priorit\u00e9 \u00e0 la s\u00e9curit\u00e9 des patients et du personnel. Avec enthousiasme et d\u00e9vouement, nous nous effor\u00e7ons de fournir des services de sant\u00e9 qui respectent ces principes.<\/p>\n<h2>Notre vision<\/h2>\n<p>En tant qu&#8217;h\u00f4pital universitaire, notre vision est de donner la priorit\u00e9 \u00e0 l&#8217;\u00e9ducation, \u00e0 la science et \u00e0 la recherche. Nous nous effor\u00e7ons continuellement de progresser et d&#8217;innover dans ces domaines, dans le but de devenir un mod\u00e8le en mati\u00e8re de soins de sant\u00e9, tant dans notre pays qu&#8217;\u00e0 l&#8217;\u00e9chelle mondiale.[\/vc_column_text][\/vc_column][\/vc_row]\n","protected":false},"excerpt":{"rendered":"<p>[vc_row type=&#8221;in_container&#8221; full_screen_row_position=&#8221;middle&#8221; column_margin=&#8221;default&#8221; column_direction=&#8221;default&#8221; column_direction_tablet=&#8221;default&#8221; column_direction_phone=&#8221;column_reverse&#8221; scene_position=&#8221;center&#8221; top_padding=&#8221;50&#8243; text_color=&#8221;light&#8221; text_align=&#8221;left&#8221; row_border_radius=&#8221;none&#8221; row_border_radius_applies=&#8221;bg&#8221; overflow=&#8221;visible&#8221; overlay_strength=&#8221;0.3&#8243; gradient_direction=&#8221;left_to_right&#8221; shape_divider_position=&#8221;bottom&#8221; bg_image_animation=&#8221;none&#8221; exclude_row_header_color_inherit=&#8221;true&#8221; gradient_type=&#8221;default&#8221; shape_type=&#8221;&#8221;][vc_column column_padding=&#8221;no-extra-padding&#8221; column_padding_tablet=&#8221;inherit&#8221; column_padding_phone=&#8221;inherit&#8221; column_padding_position=&#8221;all&#8221; column_element_direction_desktop=&#8221;default&#8221; column_element_spacing=&#8221;default&#8221; desktop_text_alignment=&#8221;default&#8221; tablet_text_alignment=&#8221;default&#8221; phone_text_alignment=&#8221;default&#8221;&#8230;<\/p>\n","protected":false},"author":1,"featured_media":7947,"parent":0,"menu_order":3,"comment_status":"closed","ping_status":"closed","template":"","meta":{"footnotes":""},"class_list":["post-6536","page","type-page","status-publish","has-post-thumbnail"],"_links":{"self":[{"href":"https:\/\/atlasuniversityhospital.com\/fr\/wp-json\/wp\/v2\/pages\/6536","targetHints":{"allow":["GET"]}}],"collection":[{"href":"https:\/\/atlasuniversityhospital.com\/fr\/wp-json\/wp\/v2\/pages"}],"about":[{"href":"https:\/\/atlasuniversityhospital.com\/fr\/wp-json\/wp\/v2\/types\/page"}],"author":[{"embeddable":true,"href":"https:\/\/atlasuniversityhospital.com\/fr\/wp-json\/wp\/v2\/users\/1"}],"replies":[{"embeddable":true,"href":"https:\/\/atlasuniversityhospital.com\/fr\/wp-json\/wp\/v2\/comments?post=6536"}],"version-history":[{"count":15,"href":"https:\/\/atlasuniversityhospital.com\/fr\/wp-json\/wp\/v2\/pages\/6536\/revisions"}],"predecessor-version":[{"id":8130,"href":"https:\/\/atlasuniversityhospital.com\/fr\/wp-json\/wp\/v2\/pages\/6536\/revisions\/8130"}],"wp:featuredmedia":[{"embeddable":true,"href":"https:\/\/atlasuniversityhospital.com\/fr\/wp-json\/wp\/v2\/media\/7947"}],"wp:attachment":[{"href":"https:\/\/atlasuniversityhospital.com\/fr\/wp-json\/wp\/v2\/media?parent=6536"}],"curies":[{"name":"wp","href":"https:\/\/api.w.org\/{rel}","templated":true}]}}