{"id":7819,"date":"2024-11-27T15:30:23","date_gmt":"2024-11-27T15:30:23","guid":{"rendered":"https:\/\/medicine.1conn.com\/?page_id=7819"},"modified":"2025-11-06T14:32:36","modified_gmt":"2025-11-06T14:32:36","slug":"health-tourism","status":"publish","type":"page","link":"https:\/\/atlasuniversityhospital.com\/fr\/health-tourism\/","title":{"rendered":"Tourisme m\u00e9dical"},"content":{"rendered":"[vc_row type=&#8221;in_container&#8221; full_screen_row_position=&#8221;middle&#8221; column_margin=&#8221;default&#8221; column_direction=&#8221;default&#8221; column_direction_tablet=&#8221;default&#8221; column_direction_phone=&#8221;column_reverse&#8221; scene_position=&#8221;center&#8221; top_padding=&#8221;50&#8243; text_color=&#8221;light&#8221; text_align=&#8221;left&#8221; row_border_radius=&#8221;none&#8221; row_border_radius_applies=&#8221;bg&#8221; overflow=&#8221;visible&#8221; overlay_strength=&#8221;0.3&#8243; gradient_direction=&#8221;left_to_right&#8221; shape_divider_position=&#8221;bottom&#8221; bg_image_animation=&#8221;none&#8221; exclude_row_header_color_inherit=&#8221;true&#8221; gradient_type=&#8221;default&#8221; shape_type=&#8221;&#8221;][vc_column column_padding=&#8221;no-extra-padding&#8221; column_padding_tablet=&#8221;inherit&#8221; column_padding_phone=&#8221;inherit&#8221; column_padding_position=&#8221;all&#8221; column_element_direction_desktop=&#8221;default&#8221; column_element_spacing=&#8221;default&#8221; desktop_text_alignment=&#8221;default&#8221; tablet_text_alignment=&#8221;default&#8221; phone_text_alignment=&#8221;default&#8221; background_color_opacity=&#8221;1&#8243; background_hover_color_opacity=&#8221;1&#8243; column_backdrop_filter=&#8221;none&#8221; font_color=&#8221;#000000&#8243; column_shadow=&#8221;none&#8221; column_border_radius=&#8221;none&#8221; column_link_target=&#8221;_self&#8221; column_position=&#8221;default&#8221; gradient_direction=&#8221;left_to_right&#8221; overlay_strength=&#8221;0.3&#8243; width=&#8221;1\/2&#8243; tablet_width_inherit=&#8221;default&#8221; animation_type=&#8221;default&#8221; bg_image_animation=&#8221;none&#8221; border_type=&#8221;simple&#8221; column_border_width=&#8221;none&#8221; column_border_style=&#8221;solid&#8221; column_padding_type=&#8221;default&#8221; gradient_type=&#8221;default&#8221;][vc_column_text css=&#8221;&#8221; text_direction=&#8221;default&#8221;]\n<h2>H\u00f4pital universitaire Atlas : le c\u0153ur du tourisme m\u00e9dical \u00e0 Istanbul<\/h2>\n<p>L&#8217;h\u00f4pital universitaire Atlas est l&#8217;un des \u00e9tablissements de sant\u00e9 les plus modernes et les mieux \u00e9quip\u00e9s d&#8217;Istanbul, avec une superficie de 75 000 m\u00b2. Avec une capacit\u00e9 de 400 lits, 100 unit\u00e9s de soins intensifs, 19 salles d&#8217;op\u00e9ration (dont une salle d&#8217;op\u00e9ration hybride) et une \u00e9quipe d\u00e9di\u00e9e aux normes internationales, il est leader dans le secteur du tourisme m\u00e9dical en Turquie. L&#8217;h\u00f4pital emploie 120 m\u00e9decins experts et un total de 1 300 employ\u00e9s exp\u00e9riment\u00e9s, garantissant ainsi la satisfaction des patients et le succ\u00e8s des traitements. Son accr\u00e9ditation en tant qu&#8217;\u00e9tablissement de tourisme m\u00e9dical garantit en outre la confiance et la qualit\u00e9 pour les patients internationaux.<\/p>\n<h2>Istanbul : un point de rencontre entre histoire et modernit\u00e9<\/h2>\n<p>L&#8217;h\u00f4pital universitaire Atlas est situ\u00e9 \u00e0 Istanbul, une ville qui est non seulement un centre de soins de sant\u00e9, mais aussi une destination touristique de renomm\u00e9e mondiale. Pont entre l&#8217;Asie et l&#8217;Europe, Istanbul attire chaque ann\u00e9e des millions de visiteurs gr\u00e2ce \u00e0 son histoire, sa culture et sa beaut\u00e9 naturelle. Les patients et leurs familles qui re\u00e7oivent des soins dans notre h\u00f4pital peuvent transformer leur parcours m\u00e9dical en une exp\u00e9rience inoubliable en explorant les sites historiques et touristiques embl\u00e9matiques de la ville.[\/vc_column_text][\/vc_column][vc_column column_padding=&#8221;no-extra-padding&#8221; column_padding_tablet=&#8221;inherit&#8221; column_padding_phone=&#8221;inherit&#8221; column_padding_position=&#8221;all&#8221; column_element_direction_desktop=&#8221;default&#8221; column_element_spacing=&#8221;default&#8221; desktop_text_alignment=&#8221;default&#8221; tablet_text_alignment=&#8221;default&#8221; phone_text_alignment=&#8221;default&#8221; background_color_opacity=&#8221;1&#8243; background_hover_color_opacity=&#8221;1&#8243; column_backdrop_filter=&#8221;none&#8221; column_shadow=&#8221;none&#8221; column_border_radius=&#8221;none&#8221; column_link_target=&#8221;_self&#8221; column_position=&#8221;default&#8221; gradient_direction=&#8221;left_to_right&#8221; overlay_strength=&#8221;0.3&#8243; width=&#8221;1\/2&#8243; tablet_width_inherit=&#8221;default&#8221; animation_type=&#8221;default&#8221; bg_image_animation=&#8221;none&#8221; border_type=&#8221;simple&#8221; column_border_width=&#8221;none&#8221; column_border_style=&#8221;solid&#8221; column_padding_type=&#8221;default&#8221; gradient_type=&#8221;default&#8221;][vc_gallery css=&#8221;&#8221; type=&#8221;flexslider_style&#8221; images=&#8221;7947,7674,7673,7672,7671,7670,7669,7668,7667&#8243; onclick=&#8221;link_no&#8221;][\/vc_column][\/vc_row][vc_row type=&#8221;in_container&#8221; full_screen_row_position=&#8221;middle&#8221; column_margin=&#8221;default&#8221; column_direction=&#8221;default&#8221; column_direction_tablet=&#8221;default&#8221; column_direction_phone=&#8221;default&#8221; scene_position=&#8221;center&#8221; top_padding=&#8221;50&#8243; text_color=&#8221;light&#8221; text_align=&#8221;left&#8221; row_border_radius=&#8221;none&#8221; row_border_radius_applies=&#8221;bg&#8221; overflow=&#8221;visible&#8221; overlay_strength=&#8221;0.3&#8243; gradient_direction=&#8221;left_to_right&#8221; shape_divider_position=&#8221;bottom&#8221; bg_image_animation=&#8221;none&#8221; exclude_row_header_color_inherit=&#8221;true&#8221; gradient_type=&#8221;default&#8221; shape_type=&#8221;&#8221;][vc_column column_padding=&#8221;no-extra-padding&#8221; column_padding_tablet=&#8221;inherit&#8221; column_padding_phone=&#8221;inherit&#8221; column_padding_position=&#8221;all&#8221; column_element_direction_desktop=&#8221;default&#8221; column_element_spacing=&#8221;default&#8221; desktop_text_alignment=&#8221;default&#8221; tablet_text_alignment=&#8221;default&#8221; phone_text_alignment=&#8221;default&#8221; background_color_opacity=&#8221;1&#8243; background_hover_color_opacity=&#8221;1&#8243; column_backdrop_filter=&#8221;none&#8221; font_color=&#8221;#000000&#8243; column_shadow=&#8221;none&#8221; column_border_radius=&#8221;none&#8221; column_link_target=&#8221;_self&#8221; column_position=&#8221;default&#8221; gradient_direction=&#8221;left_to_right&#8221; overlay_strength=&#8221;0.3&#8243; width=&#8221;1\/2&#8243; tablet_width_inherit=&#8221;default&#8221; animation_type=&#8221;default&#8221; bg_image_animation=&#8221;none&#8221; border_type=&#8221;simple&#8221; column_border_width=&#8221;none&#8221; column_border_style=&#8221;solid&#8221; column_padding_type=&#8221;default&#8221; gradient_type=&#8221;default&#8221;][vc_gallery css=&#8221;&#8221; type=&#8221;flexslider_style&#8221; images=&#8221;7772,7774,7775,7776,7777,7778,7780,7781,7782,7783,7784,7785,7786,7787,7788,7789,7790,7791,7792,7794&#8243; onclick=&#8221;link_image&#8221; img_size=&#8221;large&#8221;][\/vc_column][vc_column column_padding=&#8221;no-extra-padding&#8221; column_padding_tablet=&#8221;inherit&#8221; column_padding_phone=&#8221;inherit&#8221; column_padding_position=&#8221;all&#8221; column_element_direction_desktop=&#8221;default&#8221; column_element_spacing=&#8221;default&#8221; desktop_text_alignment=&#8221;default&#8221; tablet_text_alignment=&#8221;default&#8221; phone_text_alignment=&#8221;default&#8221; background_color_opacity=&#8221;1&#8243; background_hover_color_opacity=&#8221;1&#8243; column_backdrop_filter=&#8221;none&#8221; column_shadow=&#8221;none&#8221; column_border_radius=&#8221;none&#8221; column_link_target=&#8221;_self&#8221; column_position=&#8221;default&#8221; gradient_direction=&#8221;left_to_right&#8221; overlay_strength=&#8221;0.3&#8243; width=&#8221;1\/2&#8243; tablet_width_inherit=&#8221;default&#8221; animation_type=&#8221;default&#8221; bg_image_animation=&#8221;none&#8221; border_type=&#8221;simple&#8221; column_border_width=&#8221;none&#8221; column_border_style=&#8221;solid&#8221; column_padding_type=&#8221;default&#8221; gradient_type=&#8221;default&#8221;][vc_column_text css=&#8221;&#8221; text_direction=&#8221;default&#8221;]\n<h2>Attractions incontournables \u00e0 Istanbul :<\/h2>\n<p>Sainte-Sophie et la place Sultanahmet : symbole d&#8217;Istanbul, Sainte-Sophie fascine par son architecture et son histoire. \u00c0 proximit\u00e9, la Mosqu\u00e9e bleue et le palais de Topkapi offrent des exp\u00e9riences tout aussi fascinantes.<br \/>\nLe Bosphore : s\u00e9parant les parties europ\u00e9enne et asiatique d&#8217;Istanbul, le Bosphore est c\u00e9l\u00e8bre pour ses vues imprenables et ses restaurants luxueux.<br \/>\nLe Grand Bazar et le Bazar aux \u00e9pices : parfaits pour d\u00e9couvrir la culture turque tout en profitant d&#8217;une exp\u00e9rience de shopping anim\u00e9e.<br \/>\nLa tour de Galata et l&#8217;avenue Istiklal : id\u00e9ales pour ceux qui souhaitent explorer le c\u00f4t\u00e9 moderne et cosmopolite d&#8217;Istanbul.<\/p>\n<p>Tout en b\u00e9n\u00e9ficiant de soins de sant\u00e9 de classe mondiale, Istanbul offre aux patients et \u00e0 leurs accompagnateurs l&#8217;occasion unique de profiter d&#8217;une retraite culturelle et mentale.[\/vc_column_text][\/vc_column][\/vc_row][vc_row type=&#8221;in_container&#8221; full_screen_row_position=&#8221;middle&#8221; column_margin=&#8221;default&#8221; column_direction=&#8221;default&#8221; column_direction_tablet=&#8221;default&#8221; column_direction_phone=&#8221;column_reverse&#8221; scene_position=&#8221;center&#8221; top_padding=&#8221;50&#8243; text_color=&#8221;light&#8221; text_align=&#8221;left&#8221; row_border_radius=&#8221;none&#8221; row_border_radius_applies=&#8221;bg&#8221; overflow=&#8221;visible&#8221; overlay_strength=&#8221;0.3&#8243; gradient_direction=&#8221;left_to_right&#8221; shape_divider_position=&#8221;bottom&#8221; bg_image_animation=&#8221;none&#8221; exclude_row_header_color_inherit=&#8221;true&#8221; gradient_type=&#8221;default&#8221; shape_type=&#8221;&#8221;][vc_column column_padding=&#8221;no-extra-padding&#8221; column_padding_tablet=&#8221;inherit&#8221; column_padding_phone=&#8221;inherit&#8221; column_padding_position=&#8221;all&#8221; column_element_direction_desktop=&#8221;default&#8221; column_element_spacing=&#8221;default&#8221; desktop_text_alignment=&#8221;default&#8221; tablet_text_alignment=&#8221;default&#8221; phone_text_alignment=&#8221;default&#8221; background_color_opacity=&#8221;1&#8243; background_hover_color_opacity=&#8221;1&#8243; column_backdrop_filter=&#8221;none&#8221; font_color=&#8221;#000000&#8243; column_shadow=&#8221;none&#8221; column_border_radius=&#8221;none&#8221; column_link_target=&#8221;_self&#8221; column_position=&#8221;default&#8221; gradient_direction=&#8221;left_to_right&#8221; overlay_strength=&#8221;0.3&#8243; width=&#8221;1\/2&#8243; tablet_width_inherit=&#8221;default&#8221; animation_type=&#8221;default&#8221; bg_image_animation=&#8221;none&#8221; border_type=&#8221;simple&#8221; column_border_width=&#8221;none&#8221; column_border_style=&#8221;solid&#8221; column_padding_type=&#8221;default&#8221; gradient_type=&#8221;default&#8221;][vc_column_text css=&#8221;&#8221; text_direction=&#8221;default&#8221;]\n<h2>Pourquoi choisir la Turquie pour le tourisme m\u00e9dical ?<\/h2>\n<p>La Turquie s&#8217;est impos\u00e9e ces derni\u00e8res ann\u00e9es comme un leader mondial du tourisme m\u00e9dical, devenant une destination privil\u00e9gi\u00e9e pour les patients du monde entier. Voici les principales raisons pour lesquelles la Turquie se distingue dans le domaine du tourisme m\u00e9dical :<\/p>\n<p><strong>Services de sant\u00e9 de haute qualit\u00e9 :<\/strong> la Turquie est r\u00e9put\u00e9e pour sa technologie m\u00e9dicale de pointe, ses h\u00f4pitaux bien \u00e9quip\u00e9s et ses services de sant\u00e9 conformes aux normes internationales. L&#8217;h\u00f4pital universitaire Atlas est un excellent exemple de cette qualit\u00e9.<\/p>\n<p><strong>Rentabilit\u00e9 :<\/strong> par rapport \u00e0 d&#8217;autres pays, la Turquie offre des services de sant\u00e9 de haute qualit\u00e9 \u00e0 des prix plus abordables.<\/p>\n<p><strong>D\u00e9lais d&#8217;attente courts pour les traitements :<\/strong> les proc\u00e9dures m\u00e9dicales en Turquie sont souvent beaucoup plus rapides, avec des d\u00e9lais d&#8217;attente minimaux pour les rendez-vous et les traitements.<\/p>\n<p><strong>Avantage g\u00e9ographique :<\/strong> situ\u00e9e au carrefour de l&#8217;Asie, de l&#8217;Europe et du Moyen-Orient, la Turquie est facilement accessible gr\u00e2ce \u00e0 des vols directs depuis le monde entier. Istanbul, en particulier, est une plaque tournante mondiale offrant une connectivit\u00e9 \u00e9tendue.<\/p>\n<p><strong>Forfaits sant\u00e9 complets :<\/strong> de nombreux h\u00f4pitaux turcs proposent des forfaits touristiques m\u00e9dicaux complets, comprenant l&#8217;h\u00e9bergement, les transferts depuis l&#8217;a\u00e9roport et les services d&#8217;interpr\u00e9tation, garantissant ainsi une exp\u00e9rience sans faille aux patients internationaux.<\/p>\n<p><strong>Richesse culturelle et opportunit\u00e9s touristiques :<\/strong> la Turquie offre non seulement des soins m\u00e9dicaux, mais aussi la possibilit\u00e9 de d\u00e9couvrir sa riche histoire, sa culture et ses paysages naturels \u00e9poustouflants. Des villes comme Istanbul permettent aux patients de combiner traitement, loisirs et convalescence.[\/vc_column_text][\/vc_column][vc_column column_padding=&#8221;no-extra-padding&#8221; column_padding_tablet=&#8221;inherit&#8221; column_padding_phone=&#8221;inherit&#8221; column_padding_position=&#8221;all&#8221; column_element_direction_desktop=&#8221;default&#8221; column_element_spacing=&#8221;default&#8221; desktop_text_alignment=&#8221;default&#8221; tablet_text_alignment=&#8221;default&#8221; phone_text_alignment=&#8221;default&#8221; background_color_opacity=&#8221;1&#8243; background_hover_color_opacity=&#8221;1&#8243; column_backdrop_filter=&#8221;none&#8221; column_shadow=&#8221;none&#8221; column_border_radius=&#8221;none&#8221; column_link_target=&#8221;_self&#8221; column_position=&#8221;default&#8221; gradient_direction=&#8221;left_to_right&#8221; overlay_strength=&#8221;0.3&#8243; width=&#8221;1\/2&#8243; tablet_width_inherit=&#8221;default&#8221; animation_type=&#8221;default&#8221; bg_image_animation=&#8221;none&#8221; border_type=&#8221;simple&#8221; column_border_width=&#8221;none&#8221; column_border_style=&#8221;solid&#8221; column_padding_type=&#8221;default&#8221; gradient_type=&#8221;default&#8221;][vc_gallery css=&#8221;&#8221; type=&#8221;flexslider_style&#8221; images=&#8221;7648&#8243; onclick=&#8221;link_image&#8221; img_size=&#8221;large&#8221;][\/vc_column][\/vc_row][vc_row type=&#8221;in_container&#8221; full_screen_row_position=&#8221;middle&#8221; column_margin=&#8221;default&#8221; column_direction=&#8221;default&#8221; column_direction_tablet=&#8221;default&#8221; column_direction_phone=&#8221;default&#8221; scene_position=&#8221;center&#8221; top_padding=&#8221;50&#8243; text_color=&#8221;light&#8221; text_align=&#8221;left&#8221; row_border_radius=&#8221;none&#8221; row_border_radius_applies=&#8221;bg&#8221; overflow=&#8221;visible&#8221; overlay_strength=&#8221;0.3&#8243; gradient_direction=&#8221;left_to_right&#8221; shape_divider_position=&#8221;bottom&#8221; bg_image_animation=&#8221;none&#8221; exclude_row_header_color_inherit=&#8221;true&#8221; gradient_type=&#8221;default&#8221; shape_type=&#8221;&#8221;][vc_column column_padding=&#8221;no-extra-padding&#8221; column_padding_tablet=&#8221;inherit&#8221; column_padding_phone=&#8221;inherit&#8221; column_padding_position=&#8221;all&#8221; column_element_direction_desktop=&#8221;default&#8221; column_element_spacing=&#8221;default&#8221; desktop_text_alignment=&#8221;default&#8221; tablet_text_alignment=&#8221;default&#8221; phone_text_alignment=&#8221;default&#8221; background_color_opacity=&#8221;1&#8243; background_hover_color_opacity=&#8221;1&#8243; column_backdrop_filter=&#8221;none&#8221; font_color=&#8221;#000000&#8243; column_shadow=&#8221;none&#8221; column_border_radius=&#8221;none&#8221; column_link_target=&#8221;_self&#8221; column_position=&#8221;default&#8221; gradient_direction=&#8221;left_to_right&#8221; overlay_strength=&#8221;0.3&#8243; width=&#8221;1\/2&#8243; tablet_width_inherit=&#8221;default&#8221; animation_type=&#8221;default&#8221; bg_image_animation=&#8221;none&#8221; border_type=&#8221;simple&#8221; column_border_width=&#8221;none&#8221; column_border_style=&#8221;solid&#8221; column_padding_type=&#8221;default&#8221; gradient_type=&#8221;default&#8221;][vc_gallery css=&#8221;&#8221; type=&#8221;flexslider_style&#8221; images=&#8221;7087&#8243; onclick=&#8221;link_image&#8221; img_size=&#8221;large&#8221;][vc_gallery css=&#8221;&#8221; type=&#8221;flexslider_style&#8221; images=&#8221;8139&#8243; onclick=&#8221;link_image&#8221; img_size=&#8221;large&#8221;][\/vc_column][vc_column column_padding=&#8221;no-extra-padding&#8221; column_padding_tablet=&#8221;inherit&#8221; column_padding_phone=&#8221;inherit&#8221; column_padding_position=&#8221;all&#8221; column_element_direction_desktop=&#8221;default&#8221; column_element_spacing=&#8221;default&#8221; desktop_text_alignment=&#8221;default&#8221; tablet_text_alignment=&#8221;default&#8221; phone_text_alignment=&#8221;default&#8221; background_color_opacity=&#8221;1&#8243; background_hover_color_opacity=&#8221;1&#8243; column_backdrop_filter=&#8221;none&#8221; column_shadow=&#8221;none&#8221; column_border_radius=&#8221;none&#8221; column_link_target=&#8221;_self&#8221; column_position=&#8221;default&#8221; gradient_direction=&#8221;left_to_right&#8221; overlay_strength=&#8221;0.3&#8243; width=&#8221;1\/2&#8243; tablet_width_inherit=&#8221;default&#8221; animation_type=&#8221;default&#8221; bg_image_animation=&#8221;none&#8221; border_type=&#8221;simple&#8221; column_border_width=&#8221;none&#8221; column_border_style=&#8221;solid&#8221; column_padding_type=&#8221;default&#8221; gradient_type=&#8221;default&#8221;][vc_column_text css=&#8221;&#8221; text_direction=&#8221;default&#8221;]\n<h2>L&#8217;exp\u00e9rience du tourisme m\u00e9dical \u00e0 l&#8217;h\u00f4pital universitaire Atlas<\/h2>\n<p>L&#8217;h\u00f4pital universitaire Atlas se distingue non seulement par son infrastructure technologique de pointe et son personnel m\u00e9dical expert, mais aussi par son approche centr\u00e9e sur le patient. Les \u00e9quipes internationales d\u00e9di\u00e9es au tourisme m\u00e9dical de l&#8217;h\u00f4pital s&#8217;occupent de tous les d\u00e9tails, permettant ainsi aux patients de se concentrer uniquement sur leur sant\u00e9. Des services d&#8217;interpr\u00e9tation \u00e0 l&#8217;organisation de l&#8217;h\u00e9bergement et aux transferts depuis l&#8217;a\u00e9roport, chaque aspect du s\u00e9jour est soigneusement g\u00e9r\u00e9.<\/p>\n<h3>Principaux domaines de traitement :<\/h3>\n<ul>\n<li>Chirurgie cardiovasculaire<\/li>\n<li>Orthop\u00e9die et traumatologie<\/li>\n<li>Chirurgie esth\u00e9tique et plastique<\/li>\n<li>Transplantation d&#8217;organes<\/li>\n<li>Traitements oncologiques<\/li>\n<li>Chirurgie oculaire<\/li>\n<li>Traitements dentaires<\/li>\n<li>Chirurgie tumorale<\/li>\n<\/ul>\n<p>Les patients qui re\u00e7oivent un traitement \u00e0 l&#8217;h\u00f4pital universitaire Atlas rentrent dans leur pays d&#8217;origine non seulement en meilleure sant\u00e9, mais aussi enrichis par l&#8217;exp\u00e9rience unique qu&#8217;est Istanbul.<\/p>\n<p>L&#8217;h\u00f4pital universitaire Atlas refl\u00e8te la force et le potentiel du secteur du tourisme m\u00e9dical en Turquie. Avec ses installations de pointe, son \u00e9quipe m\u00e9dicale experte et sa philosophie ax\u00e9e sur le patient, il offre une combinaison parfaite entre soins de sant\u00e9 et loisirs. Situ\u00e9 \u00e0 Istanbul, une ville qui favorise le bien-\u00eatre physique et mental, l&#8217;h\u00f4pital est pr\u00eat \u00e0 offrir une exp\u00e9rience exceptionnelle adapt\u00e9e aux besoins de chaque patient international.<\/p>\n<h2>Planifions votre voyage !<\/h2>\n<p>L&#8217;h\u00f4pital universitaire Atlas est l\u00e0 pour vous aider \u00e0 chaque \u00e9tape, de la prise de rendez-vous \u00e0 l&#8217;organisation de votre voyage et de votre h\u00e9bergement. D\u00e9couvrez le m\u00e9lange parfait entre sant\u00e9 et aventure \u00e0 Istanbul avec l&#8217;h\u00f4pital universitaire Atlas.<\/p>\n<p>Contactez-nous d\u00e8s aujourd&#8217;hui pour commencer votre voyage vers un sourire plus sain et plus \u00e9clatant tout en explorant la beaut\u00e9 d&#8217;Istanbul ![\/vc_column_text][\/vc_column][\/vc_row]\n","protected":false},"excerpt":{"rendered":"<p>[vc_row type=&#8221;in_container&#8221; full_screen_row_position=&#8221;middle&#8221; column_margin=&#8221;default&#8221; column_direction=&#8221;default&#8221; column_direction_tablet=&#8221;default&#8221; column_direction_phone=&#8221;column_reverse&#8221; scene_position=&#8221;center&#8221; top_padding=&#8221;50&#8243; text_color=&#8221;light&#8221; text_align=&#8221;left&#8221; row_border_radius=&#8221;none&#8221; row_border_radius_applies=&#8221;bg&#8221; overflow=&#8221;visible&#8221; overlay_strength=&#8221;0.3&#8243; gradient_direction=&#8221;left_to_right&#8221; shape_divider_position=&#8221;bottom&#8221; bg_image_animation=&#8221;none&#8221; exclude_row_header_color_inherit=&#8221;true&#8221; gradient_type=&#8221;default&#8221; shape_type=&#8221;&#8221;][vc_column column_padding=&#8221;no-extra-padding&#8221; column_padding_tablet=&#8221;inherit&#8221; column_padding_phone=&#8221;inherit&#8221; column_padding_position=&#8221;all&#8221; column_element_direction_desktop=&#8221;default&#8221; column_element_spacing=&#8221;default&#8221; desktop_text_alignment=&#8221;default&#8221; tablet_text_alignment=&#8221;default&#8221; phone_text_alignment=&#8221;default&#8221;&#8230;<\/p>\n","protected":false},"author":1,"featured_media":7947,"parent":0,"menu_order":3,"comment_status":"closed","ping_status":"closed","template":"","meta":{"footnotes":""},"class_list":["post-7819","page","type-page","status-publish","has-post-thumbnail"],"_links":{"self":[{"href":"https:\/\/atlasuniversityhospital.com\/fr\/wp-json\/wp\/v2\/pages\/7819","targetHints":{"allow":["GET"]}}],"collection":[{"href":"https:\/\/atlasuniversityhospital.com\/fr\/wp-json\/wp\/v2\/pages"}],"about":[{"href":"https:\/\/atlasuniversityhospital.com\/fr\/wp-json\/wp\/v2\/types\/page"}],"author":[{"embeddable":true,"href":"https:\/\/atlasuniversityhospital.com\/fr\/wp-json\/wp\/v2\/users\/1"}],"replies":[{"embeddable":true,"href":"https:\/\/atlasuniversityhospital.com\/fr\/wp-json\/wp\/v2\/comments?post=7819"}],"version-history":[{"count":8,"href":"https:\/\/atlasuniversityhospital.com\/fr\/wp-json\/wp\/v2\/pages\/7819\/revisions"}],"predecessor-version":[{"id":8140,"href":"https:\/\/atlasuniversityhospital.com\/fr\/wp-json\/wp\/v2\/pages\/7819\/revisions\/8140"}],"wp:featuredmedia":[{"embeddable":true,"href":"https:\/\/atlasuniversityhospital.com\/fr\/wp-json\/wp\/v2\/media\/7947"}],"wp:attachment":[{"href":"https:\/\/atlasuniversityhospital.com\/fr\/wp-json\/wp\/v2\/media?parent=7819"}],"curies":[{"name":"wp","href":"https:\/\/api.w.org\/{rel}","templated":true}]}}